{"id":3090,"date":"2021-03-04T11:07:27","date_gmt":"2021-03-04T11:07:27","guid":{"rendered":"https:\/\/apartmanisoko.com\/?page_id=3090"},"modified":"2021-03-04T11:18:06","modified_gmt":"2021-03-04T11:18:06","slug":"soko-grad","status":"publish","type":"page","link":"https:\/\/apartmanisoko.com\/index.php\/soko-grad\/","title":{"rendered":"Soko Grad"},"content":{"rendered":"<div id=\"pl-3090\"  class=\"panel-layout\" ><div id=\"pg-3090-0\"  class=\"panel-grid panel-no-style\" ><div id=\"pgc-3090-0-0\"  class=\"panel-grid-cell panel-grid-cell-empty\" ><\/div><\/div><div id=\"pg-3090-1\"  class=\"panel-grid panel-no-style\" ><div id=\"pgc-3090-1-0\"  class=\"panel-grid-cell\" ><div id=\"panel-3090-1-0-0\" class=\"so-panel widget widget_sow-editor panel-first-child panel-last-child\" data-index=\"0\" ><div class=\"so-widget-sow-editor so-widget-sow-editor-base\">\n<div class=\"siteorigin-widget-tinymce textwidget\">\n\t<h2>Soko Grad <span style=\"color: #2e3b4e; font-weight: 300;\">je srednjovekovni grad zvan jo\u0161 i Sokolac, sme\u0161ten na 2 km isto\u010dno od Sokobanje. Istra\u017eivanja su pokazala da je grad vrlo razu\u0111en i velikih razmera. U dobrom stanju je sa\u010duvana samo prva, ulazna kula u gornjem gradu, a ostalo je, kako kule, tako i zidovi, poru\u0161eno.<\/span><\/h2>\n<\/div>\n<\/div><\/div><\/div><\/div><div id=\"pg-3090-2\"  class=\"panel-grid panel-no-style\" ><div id=\"pgc-3090-2-0\"  class=\"panel-grid-cell\" ><div id=\"panel-3090-2-0-0\" class=\"so-panel widget widget_sow-editor panel-first-child panel-last-child\" data-index=\"1\" ><div class=\"so-widget-sow-editor so-widget-sow-editor-base\">\n<div class=\"siteorigin-widget-tinymce textwidget\">\n\t<p><img loading=\"lazy\" class=\"alignnone wp-image-3093 size-full\" src=\"https:\/\/apartmanisoko.com\/wp-content\/uploads\/2021\/03\/Soko-grad-sokobanja-smestaj.jpg\" alt=\"Apartmani Sokobanja\" width=\"860\" height=\"430\" srcset=\"https:\/\/apartmanisoko.com\/wp-content\/uploads\/2021\/03\/Soko-grad-sokobanja-smestaj.jpg 860w, https:\/\/apartmanisoko.com\/wp-content\/uploads\/2021\/03\/Soko-grad-sokobanja-smestaj-300x150.jpg 300w, https:\/\/apartmanisoko.com\/wp-content\/uploads\/2021\/03\/Soko-grad-sokobanja-smestaj-768x384.jpg 768w, https:\/\/apartmanisoko.com\/wp-content\/uploads\/2021\/03\/Soko-grad-sokobanja-smestaj-350x175.jpg 350w, https:\/\/apartmanisoko.com\/wp-content\/uploads\/2021\/03\/Soko-grad-sokobanja-smestaj-600x300.jpg 600w\" sizes=\"(max-width: 860px) 100vw, 860px\" \/><\/p>\n<\/div>\n<\/div><\/div><\/div><div id=\"pgc-3090-2-1\"  class=\"panel-grid-cell\" ><div id=\"panel-3090-2-1-0\" class=\"so-panel widget widget_sow-editor panel-first-child panel-last-child\" data-index=\"2\" ><div class=\"so-widget-sow-editor so-widget-sow-editor-base\">\n<div class=\"siteorigin-widget-tinymce textwidget\">\n\t<p style=\"font-size: 16px;\">Nastao je u periodu vizantijskog cara Justinijana, kao tvr\u0111ava za spre\u010davanje avarskih i slovenskih upada u dubinu Balkanskog poluostrva. Stefan Nemanja ga zauzima 1172. godine i on je od tada u sastavu srpske srednjovekovne dr\u017eave. Tokom proterivanja bogumila iz Srbije u sukobima se na\u0161ao i Soko Grad \u010diji je upravnik bio bogumil, zbog \u010dega je Nemanja opseo i zauzeo grad koji je tom prilikom pretrpeo ve\u0107a razaranje. Turci ga, kao i celu Vidinsku kne\u017eevinu u \u010dijem sastavu se Soko Grad nalazio krajem XIV veka, zauzimaju 1398. godine. Od turske vlasti se 1412. godine odmetnuo sokolski i svrlji\u0161ki beg Hamza koji je stolovao u Soko Gradu, tako da se protiv njega iste godine uputio sultan Musa. Hamzinu pobunu ugu\u0161io je sultan naredne godine, a tokom borbi Soko Grad je ponovo razru\u0161en. Hamza je poslat, u tada\u0161nju prestonicu, Adrijanopolj gde je pogubljen, dok je lokalno stanovni\u0161tvo raseljeno \u0161irom Osmanskog carstva.<\/p>\n<\/div>\n<\/div><\/div><\/div><\/div><\/div>","protected":false},"excerpt":{"rendered":"<p>Soko Grad je srednjovekovni grad zvan jo\u0161 i Sokolac, sme\u0161ten na 2 km isto\u010dno od Sokobanje. Istra\u017eivanja su pokazala da je grad vrlo razu\u0111en i velikih razmera. U dobrom stanju je sa\u010duvana samo prva, ulazna kula u gornjem gradu, a ostalo je, kako kule, tako i zidovi, poru\u0161eno.<\/p>\n","protected":false},"author":1,"featured_media":3093,"parent":0,"menu_order":0,"comment_status":"closed","ping_status":"closed","template":"","meta":[],"_links":{"self":[{"href":"https:\/\/apartmanisoko.com\/index.php\/wp-json\/wp\/v2\/pages\/3090"}],"collection":[{"href":"https:\/\/apartmanisoko.com\/index.php\/wp-json\/wp\/v2\/pages"}],"about":[{"href":"https:\/\/apartmanisoko.com\/index.php\/wp-json\/wp\/v2\/types\/page"}],"author":[{"embeddable":true,"href":"https:\/\/apartmanisoko.com\/index.php\/wp-json\/wp\/v2\/users\/1"}],"replies":[{"embeddable":true,"href":"https:\/\/apartmanisoko.com\/index.php\/wp-json\/wp\/v2\/comments?post=3090"}],"version-history":[{"count":4,"href":"https:\/\/apartmanisoko.com\/index.php\/wp-json\/wp\/v2\/pages\/3090\/revisions"}],"predecessor-version":[{"id":3100,"href":"https:\/\/apartmanisoko.com\/index.php\/wp-json\/wp\/v2\/pages\/3090\/revisions\/3100"}],"wp:featuredmedia":[{"embeddable":true,"href":"https:\/\/apartmanisoko.com\/index.php\/wp-json\/wp\/v2\/media\/3093"}],"wp:attachment":[{"href":"https:\/\/apartmanisoko.com\/index.php\/wp-json\/wp\/v2\/media?parent=3090"}],"curies":[{"name":"wp","href":"https:\/\/api.w.org\/{rel}","templated":true}]}}