{"id":3097,"date":"2021-03-04T11:17:41","date_gmt":"2021-03-04T11:17:41","guid":{"rendered":"https:\/\/apartmanisoko.com\/?page_id=3097"},"modified":"2021-03-04T11:24:12","modified_gmt":"2021-03-04T11:24:12","slug":"ripaljka","status":"publish","type":"page","link":"https:\/\/apartmanisoko.com\/index.php\/ripaljka\/","title":{"rendered":"Ripaljka"},"content":{"rendered":"<div id=\"pl-3097\"  class=\"panel-layout\" ><div id=\"pg-3097-0\"  class=\"panel-grid panel-no-style\" ><div id=\"pgc-3097-0-0\"  class=\"panel-grid-cell panel-grid-cell-empty\" ><\/div><\/div><div id=\"pg-3097-1\"  class=\"panel-grid panel-no-style\" ><div id=\"pgc-3097-1-0\"  class=\"panel-grid-cell\" ><div id=\"panel-3097-1-0-0\" class=\"so-panel widget widget_sow-editor panel-first-child panel-last-child\" data-index=\"0\" ><div class=\"so-widget-sow-editor so-widget-sow-editor-base\">\n<div class=\"siteorigin-widget-tinymce textwidget\">\n\t<h2>Ripaljka <span style=\"color: #2e3b4e; font-weight: 300;\">je vodopad na reci Grada\u0161nici. Nalazi se na planini Ozren, 5 km od Sokobanje. Prvi je spomenik prirode u Jugoslaviji za\u0161ti\u0107en zakonom iz 1948. godine. Prema navodima Jovana Cviji\u0107a, ovo je bio najvi\u0161i vodopad Srbije u tada\u0161nje vreme.<\/span><\/h2>\n<\/div>\n<\/div><\/div><\/div><\/div><div id=\"pg-3097-2\"  class=\"panel-grid panel-no-style\" ><div id=\"pgc-3097-2-0\"  class=\"panel-grid-cell\" ><div id=\"panel-3097-2-0-0\" class=\"so-panel widget widget_sow-editor panel-first-child\" data-index=\"1\" ><div class=\"so-widget-sow-editor so-widget-sow-editor-base\">\n<div class=\"siteorigin-widget-tinymce textwidget\">\n\t<p><img loading=\"lazy\" class=\"alignnone wp-image-3098 size-full\" src=\"https:\/\/apartmanisoko.com\/wp-content\/uploads\/2021\/03\/Ripaljka.jpg\" alt=\"Apartmani Sokobanja\" width=\"860\" height=\"430\" srcset=\"https:\/\/apartmanisoko.com\/wp-content\/uploads\/2021\/03\/Ripaljka.jpg 860w, https:\/\/apartmanisoko.com\/wp-content\/uploads\/2021\/03\/Ripaljka-300x150.jpg 300w, https:\/\/apartmanisoko.com\/wp-content\/uploads\/2021\/03\/Ripaljka-768x384.jpg 768w, https:\/\/apartmanisoko.com\/wp-content\/uploads\/2021\/03\/Ripaljka-350x175.jpg 350w, https:\/\/apartmanisoko.com\/wp-content\/uploads\/2021\/03\/Ripaljka-600x300.jpg 600w\" sizes=\"(max-width: 860px) 100vw, 860px\" \/><\/p>\n<\/div>\n<\/div><\/div><div id=\"panel-3097-2-0-1\" class=\"so-panel widget widget_sow-editor\" data-index=\"2\" ><div class=\"so-widget-sow-editor so-widget-sow-editor-base\">\n<div class=\"siteorigin-widget-tinymce textwidget\">\n\t<p><img loading=\"lazy\" class=\"alignnone wp-image-3101 size-full\" src=\"https:\/\/apartmanisoko.com\/wp-content\/uploads\/2021\/03\/Ripaljka-vodopad.jpg\" alt=\"Apartmani Sokobanja\" width=\"860\" height=\"430\" srcset=\"https:\/\/apartmanisoko.com\/wp-content\/uploads\/2021\/03\/Ripaljka-vodopad.jpg 860w, https:\/\/apartmanisoko.com\/wp-content\/uploads\/2021\/03\/Ripaljka-vodopad-300x150.jpg 300w, https:\/\/apartmanisoko.com\/wp-content\/uploads\/2021\/03\/Ripaljka-vodopad-768x384.jpg 768w, https:\/\/apartmanisoko.com\/wp-content\/uploads\/2021\/03\/Ripaljka-vodopad-350x175.jpg 350w, https:\/\/apartmanisoko.com\/wp-content\/uploads\/2021\/03\/Ripaljka-vodopad-600x300.jpg 600w\" sizes=\"(max-width: 860px) 100vw, 860px\" \/><\/p>\n<\/div>\n<\/div><\/div><div id=\"panel-3097-2-0-2\" class=\"so-panel widget widget_sow-editor\" data-index=\"3\" ><div class=\"so-widget-sow-editor so-widget-sow-editor-base\">\n<div class=\"siteorigin-widget-tinymce textwidget\">\n\t<p><img loading=\"lazy\" class=\"alignnone wp-image-3103 size-full\" src=\"https:\/\/apartmanisoko.com\/wp-content\/uploads\/2021\/03\/Ripaljka-vodopad-sokobanja.jpg\" alt=\"Apartmani Sokobanja\" width=\"860\" height=\"430\" srcset=\"https:\/\/apartmanisoko.com\/wp-content\/uploads\/2021\/03\/Ripaljka-vodopad-sokobanja.jpg 860w, https:\/\/apartmanisoko.com\/wp-content\/uploads\/2021\/03\/Ripaljka-vodopad-sokobanja-300x150.jpg 300w, https:\/\/apartmanisoko.com\/wp-content\/uploads\/2021\/03\/Ripaljka-vodopad-sokobanja-768x384.jpg 768w, https:\/\/apartmanisoko.com\/wp-content\/uploads\/2021\/03\/Ripaljka-vodopad-sokobanja-350x175.jpg 350w, https:\/\/apartmanisoko.com\/wp-content\/uploads\/2021\/03\/Ripaljka-vodopad-sokobanja-600x300.jpg 600w\" sizes=\"(max-width: 860px) 100vw, 860px\" \/><\/p>\n<\/div>\n<\/div><\/div><div id=\"panel-3097-2-0-3\" class=\"so-panel widget widget_sow-editor panel-last-child\" data-index=\"4\" ><div class=\"so-widget-sow-editor so-widget-sow-editor-base\">\n<div class=\"siteorigin-widget-tinymce textwidget\">\n\t<p><img loading=\"lazy\" class=\"alignnone wp-image-3107 size-full\" src=\"https:\/\/apartmanisoko.com\/wp-content\/uploads\/2021\/03\/Ripaljka-sokobanja.jpg\" alt=\"Apartmani Sokobanja\" width=\"860\" height=\"430\" srcset=\"https:\/\/apartmanisoko.com\/wp-content\/uploads\/2021\/03\/Ripaljka-sokobanja.jpg 860w, https:\/\/apartmanisoko.com\/wp-content\/uploads\/2021\/03\/Ripaljka-sokobanja-300x150.jpg 300w, https:\/\/apartmanisoko.com\/wp-content\/uploads\/2021\/03\/Ripaljka-sokobanja-768x384.jpg 768w, https:\/\/apartmanisoko.com\/wp-content\/uploads\/2021\/03\/Ripaljka-sokobanja-350x175.jpg 350w, https:\/\/apartmanisoko.com\/wp-content\/uploads\/2021\/03\/Ripaljka-sokobanja-600x300.jpg 600w\" sizes=\"(max-width: 860px) 100vw, 860px\" \/><\/p>\n<\/div>\n<\/div><\/div><\/div><div id=\"pgc-3097-2-1\"  class=\"panel-grid-cell\" ><div id=\"panel-3097-2-1-0\" class=\"so-panel widget widget_sow-editor panel-first-child panel-last-child\" data-index=\"5\" ><div class=\"so-widget-sow-editor so-widget-sow-editor-base\">\n<div class=\"siteorigin-widget-tinymce textwidget\">\n\t<p style=\"font-size: 16px;\">Ripaljka spada u grupu akumulativnnih vodopada. Nalazi se na nadmorskoj visini od 420 metara, a on sam visok je 17,5 metara. Tokom leta i jeseni reka Grada\u0161nica presu\u0161uje, tako da i vodopad nestaje. Ripaljka je dobila naziv prema re\u010di ripnuti, koja se u ovom delu Srbije koristi za pojam \u201esko\u010diti\u201d.[1]<\/p>\n<p>Vodopad Ripaljka jedan je od najlep\u0161ih vodopada u Srbiji. Nalazi se na samo samo par desetina metara ispod samog ulaza u krug Specijalne bolnice na Ozrenu, na 5 km od Sokobanje. Nastao je na re\u010dici Grada\u0161nici, koja se ispod Sokobanje uliva u reku Moravicu.<\/p>\n<p>Sastoji se iz 11 odseka \u010dija je ukupna visina oko 40 metara, a najve\u0107i od njih visok je 11 metara i poznat kao Velika Ripaljka. Ispod njega je jedan manji vodopad visine 5 metara, a ostali su manji, od 0,5 do 2 metra. Oko njih se nalazi bujna vegetacija, pa se gotovo i ne vide. Posetioci koji prvi put dolaze me\u0161aju ga sa manjim slapom koji se nalazi na gornjem kraju jezera-ribnjaka, u krugu Bolnice.<\/p>\n<p>Ripaljka je jedna od nezaobilaznih atrakcija ovog kraja i me\u0111u omiljenim kod posetioca Sokobanje. Ako \u017eelite da imate sliku sa ovog mesta, najbolje je da ga posetite po\u010detkom prole\u0107a. Usled topljenja snega i ki\u0161a, velika koli\u010dina vode koja pada sa visine od 11 metara predstavlja impozantan prizor.<\/p>\n<p>Za\u0161ti\u0107eno prirodno dobro ugro\u017eeno zbog vodosnabdevanja. Iako jedan od najlep\u0161ih vodopada Srbije, \u010desto mu se zbog vodosnabdevanja Sokobanje i Ozrena oduzima biolo\u0161ki minimum, pa se de\u0161ava da tokom leta presu\u0161i. Ovo je posebno \u010dudno kada se ima u vidu da Ripaljka spada me\u0111u prva za\u0161ti\u0107ena prirodna dobra u Srbiji.<\/p>\n<p>Prvo podru\u010dje koje je za\u0161ti\u0107eno na teritoriji dana\u0161nje Srbije bila je Obedska bara, stavljena pod za\u0161titu jo\u0161 1874. godine. Prva za\u0161ti\u0107ena prirodna dobra u Srbiji bili su \u0161umski rezervati O\u0161trozub, Mustafa i Felje\u0161ana u okolini Majdanpeka i vodopad \u201eVelika i mala Ripaljka\u201d u okolini Sokobanje, za\u0161ti\u0107en 1949. godine. Prema navodima Jovana Cviji\u0107a (1865\u20141927), ovo je bio najvi\u0161i vodopad Srbije u tada\u0161nje vreme.<\/p>\n<p>Interesantno je da je vodopad dr\u017eava uzela pod za\u0161titu nakon \u0161to je Bolnica na Ozrenu izradila elaborat o izgradnji hidrocentrale na ovom mestu. Ova centrala trebalo je da snabdeva strujom sanatorijum i Sokobanju, a izgradnja je po\u010dela 1947. godine. Nakon \u0161to je 1949. godine po\u010dela isporuka struje, Zavod za za\u0161titu i nau\u010dno prou\u010davanje prirodnih retkosti u NR Srbiji doneo je re\u0161enje o za\u0161titi male i velike Ripaljke. Kako bi se \u201esa\u010duvala nau\u010dna, estetska i prirodna retkost u ovim krajevima\u201d nalo\u017eeno je i da se do 1. maja 1950. godine hidrocentrala poru\u0161i i ukloni.<\/p>\n<\/div>\n<\/div><\/div><\/div><\/div><\/div>","protected":false},"excerpt":{"rendered":"<p>Ripaljka je vodopad na reci Grada\u0161nici. Nalazi se na planini Ozren, 5 km od Sokobanje. Prvi je spomenik prirode u Jugoslaviji za\u0161ti\u0107en zakonom iz 1948. godine. Prema navodima Jovana Cviji\u0107a, ovo je bio najvi\u0161i vodopad Srbije u tada\u0161nje vreme.<\/p>\n","protected":false},"author":1,"featured_media":3098,"parent":0,"menu_order":0,"comment_status":"closed","ping_status":"closed","template":"","meta":[],"_links":{"self":[{"href":"https:\/\/apartmanisoko.com\/index.php\/wp-json\/wp\/v2\/pages\/3097"}],"collection":[{"href":"https:\/\/apartmanisoko.com\/index.php\/wp-json\/wp\/v2\/pages"}],"about":[{"href":"https:\/\/apartmanisoko.com\/index.php\/wp-json\/wp\/v2\/types\/page"}],"author":[{"embeddable":true,"href":"https:\/\/apartmanisoko.com\/index.php\/wp-json\/wp\/v2\/users\/1"}],"replies":[{"embeddable":true,"href":"https:\/\/apartmanisoko.com\/index.php\/wp-json\/wp\/v2\/comments?post=3097"}],"version-history":[{"count":4,"href":"https:\/\/apartmanisoko.com\/index.php\/wp-json\/wp\/v2\/pages\/3097\/revisions"}],"predecessor-version":[{"id":3108,"href":"https:\/\/apartmanisoko.com\/index.php\/wp-json\/wp\/v2\/pages\/3097\/revisions\/3108"}],"wp:featuredmedia":[{"embeddable":true,"href":"https:\/\/apartmanisoko.com\/index.php\/wp-json\/wp\/v2\/media\/3098"}],"wp:attachment":[{"href":"https:\/\/apartmanisoko.com\/index.php\/wp-json\/wp\/v2\/media?parent=3097"}],"curies":[{"name":"wp","href":"https:\/\/api.w.org\/{rel}","templated":true}]}}