{"id":3115,"date":"2021-03-04T11:40:38","date_gmt":"2021-03-04T11:40:38","guid":{"rendered":"https:\/\/apartmanisoko.com\/?page_id=3115"},"modified":"2021-03-04T11:44:31","modified_gmt":"2021-03-04T11:44:31","slug":"sokobanja","status":"publish","type":"page","link":"https:\/\/apartmanisoko.com\/index.php\/sokobanja\/","title":{"rendered":"Sokobanja"},"content":{"rendered":"<div id=\"pl-3115\"  class=\"panel-layout\" ><div id=\"pg-3115-0\"  class=\"panel-grid panel-no-style\" ><div id=\"pgc-3115-0-0\"  class=\"panel-grid-cell panel-grid-cell-empty\" ><\/div><\/div><div id=\"pg-3115-1\"  class=\"panel-grid panel-no-style\" ><div id=\"pgc-3115-1-0\"  class=\"panel-grid-cell\" ><div id=\"panel-3115-1-0-0\" class=\"so-panel widget widget_sow-editor panel-first-child panel-last-child\" data-index=\"0\" ><div class=\"so-widget-sow-editor so-widget-sow-editor-base\">\n<div class=\"siteorigin-widget-tinymce textwidget\">\n\t<h2>Sokobanja <span style=\"color: #2e3b4e; font-weight: 300;\">je gradsko naselje i banja u op\u0161tini Sokobanja u Zaje\u010darskom okrugu. Prema popisu iz 2011. bilo je 7982 stanovnika.<\/span><\/h2>\n<\/div>\n<\/div><\/div><\/div><\/div><div id=\"pg-3115-2\"  class=\"panel-grid panel-no-style\" ><div id=\"pgc-3115-2-0\"  class=\"panel-grid-cell\" ><div id=\"panel-3115-2-0-0\" class=\"so-panel widget widget_sow-editor panel-first-child\" data-index=\"1\" ><div class=\"so-widget-sow-editor so-widget-sow-editor-base\">\n<div class=\"siteorigin-widget-tinymce textwidget\">\n\t<p><img loading=\"lazy\" class=\"alignnone wp-image-3116 size-full\" src=\"https:\/\/apartmanisoko.com\/wp-content\/uploads\/2021\/03\/Sokobanja.jpg\" alt=\"Sme\u0161taj Sokobanja\" width=\"860\" height=\"430\" srcset=\"https:\/\/apartmanisoko.com\/wp-content\/uploads\/2021\/03\/Sokobanja.jpg 860w, https:\/\/apartmanisoko.com\/wp-content\/uploads\/2021\/03\/Sokobanja-300x150.jpg 300w, https:\/\/apartmanisoko.com\/wp-content\/uploads\/2021\/03\/Sokobanja-768x384.jpg 768w, https:\/\/apartmanisoko.com\/wp-content\/uploads\/2021\/03\/Sokobanja-350x175.jpg 350w, https:\/\/apartmanisoko.com\/wp-content\/uploads\/2021\/03\/Sokobanja-600x300.jpg 600w\" sizes=\"(max-width: 860px) 100vw, 860px\" \/><\/p>\n<\/div>\n<\/div><\/div><div id=\"panel-3115-2-0-1\" class=\"so-panel widget widget_sow-editor panel-last-child\" data-index=\"2\" ><div class=\"so-widget-sow-editor so-widget-sow-editor-base\">\n<div class=\"siteorigin-widget-tinymce textwidget\">\n\t<p><img loading=\"lazy\" class=\"alignnone wp-image-3118 size-full\" src=\"https:\/\/apartmanisoko.com\/wp-content\/uploads\/2021\/03\/Sokobanja2.jpg\" alt=\"sme\u0161taj sokobanja\" width=\"860\" height=\"430\" srcset=\"https:\/\/apartmanisoko.com\/wp-content\/uploads\/2021\/03\/Sokobanja2.jpg 860w, https:\/\/apartmanisoko.com\/wp-content\/uploads\/2021\/03\/Sokobanja2-300x150.jpg 300w, https:\/\/apartmanisoko.com\/wp-content\/uploads\/2021\/03\/Sokobanja2-768x384.jpg 768w, https:\/\/apartmanisoko.com\/wp-content\/uploads\/2021\/03\/Sokobanja2-350x175.jpg 350w, https:\/\/apartmanisoko.com\/wp-content\/uploads\/2021\/03\/Sokobanja2-600x300.jpg 600w\" sizes=\"(max-width: 860px) 100vw, 860px\" \/><\/p>\n<\/div>\n<\/div><\/div><\/div><div id=\"pgc-3115-2-1\"  class=\"panel-grid-cell\" ><div id=\"panel-3115-2-1-0\" class=\"so-panel widget widget_sow-editor panel-first-child panel-last-child\" data-index=\"3\" ><div class=\"so-widget-sow-editor so-widget-sow-editor-base\">\n<div class=\"siteorigin-widget-tinymce textwidget\">\n\t<p style=\"font-size: 16px;\">Nalazi se visini od oko 400 m nadmorske visine. Kroz Sokobanju proti\u010de reka <a href=\"https:\/\/apartmanisoko.com\/index.php\/reka-sokobanjska-moravica\/\" target=\"_blank\" rel=\"noopener\">Sokobanjska Moravica<\/a>. Poznata je turisti\u010dka odrednica za rekreativni, a posebno banjski turizam.<\/p>\n<p style=\"font-size: 16px;\">Nalazi se izme\u0111u karpatskih i balkanskih planina, Rtnja i Ozrena. Za Sokobanju su vezani i Lepterija, izleti\u0161te koje se nalazi uz <a href=\"https:\/\/apartmanisoko.com\/index.php\/reka-sokobanjska-moravica\/\" target=\"_blank\" rel=\"noopener\">Sokobanjsku Moravicu<\/a>, i poznati srednjovekovni grad \u2014 <a href=\"https:\/\/apartmanisoko.com\/index.php\/soko-grad\/\" target=\"_blank\" rel=\"noopener\">Soko Grad (banjski)<\/a>.<\/p>\n<p style=\"font-size: 16px;\">U blizini banje nalazi se vodopad <a href=\"https:\/\/apartmanisoko.com\/index.php\/ripaljka\/\" target=\"_blank\" rel=\"noopener\">Ripaljka<\/a>, koji je periodi\u010dan i visok je dvadesetak metara. Sokobanja je poznata po manifestaciji \u201ePrva harmonika\u201d, tradicionalnom takmi\u010denju harmonika\u0161a koje se odr\u017eava svake godine krajem avgusta.<\/p>\n<p>Ivo Andri\u0107, Branislav Nu\u0161i\u0107, Me\u0161a Selimovi\u0107, Stevan Sremac, Isidora Sekuli\u0107, Dobrica Eri\u0107 \u2014 samo su neke od znamenitih li\u010dnosti koje su odsedale u Sokobanji, koja je od davnih dana va\u017eila za boemsko mesto i mesto susreta umetnika, pisaca, slikara, reditelja, glumaca itd.<\/p>\n<p>Ivo Andri\u0107 je za vreme Drugog svetskog rata \u017eiveo i pisao u Sokobanji u svojevrsnoj izolaciji zbog toga \u0161to je kao predratni diplomata odbio da sara\u0111uje sa Nemcima. U hotelu Moravica postoji spomen-soba Ive Andri\u0107a, u apartmanu 144 u kome je uvek odsedao kada je pose\u0107ivao Sokobanju.<\/p>\n<\/div>\n<\/div><\/div><\/div><\/div><\/div>","protected":false},"excerpt":{"rendered":"<p>Sokobanja je gradsko naselje i banja u op\u0161tini Sokobanja u Zaje\u010darskom okrugu. Prema popisu iz 2011. bilo je 7982 stanovnika.<\/p>\n","protected":false},"author":1,"featured_media":3116,"parent":0,"menu_order":0,"comment_status":"closed","ping_status":"closed","template":"","meta":[],"_links":{"self":[{"href":"https:\/\/apartmanisoko.com\/index.php\/wp-json\/wp\/v2\/pages\/3115"}],"collection":[{"href":"https:\/\/apartmanisoko.com\/index.php\/wp-json\/wp\/v2\/pages"}],"about":[{"href":"https:\/\/apartmanisoko.com\/index.php\/wp-json\/wp\/v2\/types\/page"}],"author":[{"embeddable":true,"href":"https:\/\/apartmanisoko.com\/index.php\/wp-json\/wp\/v2\/users\/1"}],"replies":[{"embeddable":true,"href":"https:\/\/apartmanisoko.com\/index.php\/wp-json\/wp\/v2\/comments?post=3115"}],"version-history":[{"count":4,"href":"https:\/\/apartmanisoko.com\/index.php\/wp-json\/wp\/v2\/pages\/3115\/revisions"}],"predecessor-version":[{"id":3126,"href":"https:\/\/apartmanisoko.com\/index.php\/wp-json\/wp\/v2\/pages\/3115\/revisions\/3126"}],"wp:featuredmedia":[{"embeddable":true,"href":"https:\/\/apartmanisoko.com\/index.php\/wp-json\/wp\/v2\/media\/3116"}],"wp:attachment":[{"href":"https:\/\/apartmanisoko.com\/index.php\/wp-json\/wp\/v2\/media?parent=3115"}],"curies":[{"name":"wp","href":"https:\/\/api.w.org\/{rel}","templated":true}]}}