{"id":37,"date":"2016-10-07T11:04:17","date_gmt":"2016-10-07T11:04:17","guid":{"rendered":"https:\/\/xml-io.proteusthemes.com\/adrenaline\/?page_id=37"},"modified":"2021-02-17T12:19:05","modified_gmt":"2021-02-17T12:19:05","slug":"reka-sokobanjska-moravica","status":"publish","type":"page","link":"https:\/\/apartmanisoko.com\/index.php\/reka-sokobanjska-moravica\/","title":{"rendered":"Sokobanjska Moravica"},"content":{"rendered":"<div id=\"pl-37\"  class=\"panel-layout\" ><div id=\"pg-37-0\"  class=\"panel-grid panel-no-style\" ><div id=\"pgc-37-0-0\"  class=\"panel-grid-cell panel-grid-cell-empty\" ><\/div><\/div><div id=\"pg-37-1\"  class=\"panel-grid panel-no-style\" ><div id=\"pgc-37-1-0\"  class=\"panel-grid-cell\" ><div id=\"panel-37-1-0-0\" class=\"so-panel widget widget_sow-editor panel-first-child panel-last-child\" data-index=\"0\" ><div class=\"so-widget-sow-editor so-widget-sow-editor-base\">\n<div class=\"siteorigin-widget-tinymce textwidget\">\n\t<h2>Sokobanjska Moravica <span style=\"color: #2e3b4e;font-weight: 300\">- je reka na istoku Srbije, desna pritoka Ju\u017ene Morave du\u017eine 60,4 km, povr\u0161ine sliva 625 km\u00b2. Izvire u selu Vrelo, i prolazi kroz Sokobanju i Aleksinac.<\/span><\/h2>\n<\/div>\n<\/div><\/div><\/div><\/div><div id=\"pg-37-2\"  class=\"panel-grid panel-no-style\" ><div id=\"pgc-37-2-0\"  class=\"panel-grid-cell\" ><div id=\"panel-37-2-0-0\" class=\"so-panel widget widget_sow-editor panel-first-child panel-last-child\" data-index=\"1\" ><div class=\"so-widget-sow-editor so-widget-sow-editor-base\">\n<div class=\"siteorigin-widget-tinymce textwidget\">\n\t<p><img loading=\"lazy\" class=\"alignnone wp-image-3018 size-full\" src=\"https:\/\/apartmanisoko.com\/wp-content\/uploads\/2021\/02\/Reka-Moravica-smestaj-sokobanja.jpg\" alt=\"Reka Moravica Sme\u0161taj Sokobanja\" width=\"860\" height=\"430\" srcset=\"https:\/\/apartmanisoko.com\/wp-content\/uploads\/2021\/02\/Reka-Moravica-smestaj-sokobanja.jpg 860w, https:\/\/apartmanisoko.com\/wp-content\/uploads\/2021\/02\/Reka-Moravica-smestaj-sokobanja-300x150.jpg 300w, https:\/\/apartmanisoko.com\/wp-content\/uploads\/2021\/02\/Reka-Moravica-smestaj-sokobanja-768x384.jpg 768w, https:\/\/apartmanisoko.com\/wp-content\/uploads\/2021\/02\/Reka-Moravica-smestaj-sokobanja-350x175.jpg 350w, https:\/\/apartmanisoko.com\/wp-content\/uploads\/2021\/02\/Reka-Moravica-smestaj-sokobanja-600x300.jpg 600w\" sizes=\"(max-width: 860px) 100vw, 860px\" \/><\/p>\n<\/div>\n<\/div><\/div><\/div><div id=\"pgc-37-2-1\"  class=\"panel-grid-cell\" ><div id=\"panel-37-2-1-0\" class=\"so-panel widget widget_sow-editor panel-first-child panel-last-child\" data-index=\"2\" ><div class=\"so-widget-sow-editor so-widget-sow-editor-base\">\n<div class=\"siteorigin-widget-tinymce textwidget\">\n\t<p style=\"font-size: 16px;\">Pritoke sa desne strane su Sesela\u010dka, Blendijska i Trgovi\u0161ka reka, a sa leve reka Grada\u0161nica. Nadomak Sokobanje u Bovanskoj klisuri Moravica puni Bovansko jezero. Bovansko jezero preko postrojenja za pre\u010di\u0161\u0107avanje vode vodom snabdeva Aleksinac. Reka Moravica kao otoka 12 km nizvodno uliva se u Ju\u017enu Moravu.<\/p>\n<p>&nbsp;<\/p>\n<\/div>\n<\/div><\/div><\/div><\/div><\/div>","protected":false},"excerpt":{"rendered":"<p>Sokobanjska Moravica &#8211; je reka na istoku Srbije, desna pritoka Ju\u017ene Morave du\u017eine 60,4 km, povr\u0161ine sliva 625 km\u00b2. Izvire u selu Vrelo, i prolazi kroz Sokobanju i Aleksinac.<\/p>\n","protected":false},"author":1,"featured_media":3018,"parent":0,"menu_order":0,"comment_status":"closed","ping_status":"closed","template":"","meta":[],"_links":{"self":[{"href":"https:\/\/apartmanisoko.com\/index.php\/wp-json\/wp\/v2\/pages\/37"}],"collection":[{"href":"https:\/\/apartmanisoko.com\/index.php\/wp-json\/wp\/v2\/pages"}],"about":[{"href":"https:\/\/apartmanisoko.com\/index.php\/wp-json\/wp\/v2\/types\/page"}],"author":[{"embeddable":true,"href":"https:\/\/apartmanisoko.com\/index.php\/wp-json\/wp\/v2\/users\/1"}],"replies":[{"embeddable":true,"href":"https:\/\/apartmanisoko.com\/index.php\/wp-json\/wp\/v2\/comments?post=37"}],"version-history":[{"count":6,"href":"https:\/\/apartmanisoko.com\/index.php\/wp-json\/wp\/v2\/pages\/37\/revisions"}],"predecessor-version":[{"id":3053,"href":"https:\/\/apartmanisoko.com\/index.php\/wp-json\/wp\/v2\/pages\/37\/revisions\/3053"}],"wp:featuredmedia":[{"embeddable":true,"href":"https:\/\/apartmanisoko.com\/index.php\/wp-json\/wp\/v2\/media\/3018"}],"wp:attachment":[{"href":"https:\/\/apartmanisoko.com\/index.php\/wp-json\/wp\/v2\/media?parent=37"}],"curies":[{"name":"wp","href":"https:\/\/api.w.org\/{rel}","templated":true}]}}