{"id":940,"date":"2016-10-03T10:06:18","date_gmt":"2016-10-03T10:06:18","guid":{"rendered":"https:\/\/xml-io.proteusthemes.com\/adrenaline\/?page_id=6"},"modified":"2021-03-22T08:25:05","modified_gmt":"2021-03-22T08:25:05","slug":"home","status":"publish","type":"page","link":"https:\/\/apartmanisoko.com\/","title":{"rendered":"Po\u010detna"},"content":{"rendered":"<div id=\"pl-940\"  class=\"panel-layout\" ><div id=\"pg-940-0\"  class=\"panel-grid panel-no-style\" ><div id=\"pgc-940-0-0\"  class=\"panel-grid-cell\" ><div id=\"panel-940-0-0-0\" class=\"so-panel widget widget_sow-editor panel-first-child panel-last-child\" data-index=\"0\" ><div class=\"so-widget-sow-editor so-widget-sow-editor-base\">\n<div class=\"siteorigin-widget-tinymce textwidget\">\n\t<h2 style=\"text-align: center;\">Sokobanja<\/h2>\n<h2 style=\"text-align: center;\"><span style=\"color: #aaa; font-weight: 300;\">Poznata turisti\u010dka odrednica za rekreativni, a posebno banjski turizam<\/span><\/h2>\n<p style=\"font-size: 16px;\">\n<\/div>\n<\/div><\/div><\/div><\/div><div id=\"pg-940-1\"  class=\"panel-grid panel-has-style\" ><div class=\"panel-row-style panel-row-style-for-940-1\" ><div id=\"pgc-940-1-0\"  class=\"panel-grid-cell\" ><div id=\"panel-940-1-0-0\" class=\"so-panel widget widget_sow-image panel-first-child\" data-index=\"1\" ><div class=\"so-widget-sow-image so-widget-sow-image-default-d6014b76747a-940\">\n\t<h3 class=\"widget-title\"><span class=\"widget-title__inline\">Apartman 26<\/span><\/h3>\n<div class=\"sow-image-container\">\n<a href=\"https:\/\/apartmanisoko.com\/index.php\/portfolio\/apartman-26\/\" >\t<img src=\"https:\/\/apartmanisoko.com\/wp-content\/uploads\/2016\/11\/Apartmani-Sokobanja1.jpg\" width=\"1420\" height=\"680\" srcset=\"https:\/\/apartmanisoko.com\/wp-content\/uploads\/2016\/11\/Apartmani-Sokobanja1.jpg 1420w, https:\/\/apartmanisoko.com\/wp-content\/uploads\/2016\/11\/Apartmani-Sokobanja1-300x144.jpg 300w, https:\/\/apartmanisoko.com\/wp-content\/uploads\/2016\/11\/Apartmani-Sokobanja1-1024x490.jpg 1024w, https:\/\/apartmanisoko.com\/wp-content\/uploads\/2016\/11\/Apartmani-Sokobanja1-768x368.jpg 768w, https:\/\/apartmanisoko.com\/wp-content\/uploads\/2016\/11\/Apartmani-Sokobanja1-600x287.jpg 600w\" sizes=\"(max-width: 1420px) 100vw, 1420px\" title=\"Apartman 26\" alt=\"Apartman 26\" loading=\"lazy\" \t\tclass=\"so-widget-image\"\/>\n<\/a><\/div>\n\n<\/div><\/div><div id=\"panel-940-1-0-1\" class=\"so-panel widget widget_text panel-last-child\" data-index=\"2\" >\t\t\t<div class=\"textwidget\"><p>Apartmani se nalaze u centru Sokobanje, 2 minuta pe\u0161aka do \u0161etali\u0161ta. Apartmani su novi i lepo name\u0161teni. Poseduju parking, panorama lift, klima, kablovska.<\/p>\n<\/div>\n\t\t<\/div><\/div><div id=\"pgc-940-1-1\"  class=\"panel-grid-cell\" ><div id=\"panel-940-1-1-0\" class=\"so-panel widget widget_sow-image panel-first-child\" data-index=\"3\" ><div class=\"so-widget-sow-image so-widget-sow-image-default-d6014b76747a-940\">\n\t<h3 class=\"widget-title\"><span class=\"widget-title__inline\">Apartman 27<\/span><\/h3>\n<div class=\"sow-image-container\">\n<a href=\"https:\/\/apartmanisoko.com\/index.php\/portfolio\/apartman-27\/\" >\t<img src=\"https:\/\/apartmanisoko.com\/wp-content\/uploads\/2016\/10\/Apartmani-Sokobanja.jpg\" width=\"1420\" height=\"680\" srcset=\"https:\/\/apartmanisoko.com\/wp-content\/uploads\/2016\/10\/Apartmani-Sokobanja.jpg 1420w, https:\/\/apartmanisoko.com\/wp-content\/uploads\/2016\/10\/Apartmani-Sokobanja-300x144.jpg 300w, https:\/\/apartmanisoko.com\/wp-content\/uploads\/2016\/10\/Apartmani-Sokobanja-1024x490.jpg 1024w, https:\/\/apartmanisoko.com\/wp-content\/uploads\/2016\/10\/Apartmani-Sokobanja-768x368.jpg 768w, https:\/\/apartmanisoko.com\/wp-content\/uploads\/2016\/10\/Apartmani-Sokobanja-600x287.jpg 600w\" sizes=\"(max-width: 1420px) 100vw, 1420px\" title=\"Apartman 27\" alt=\"Apartman 27\" loading=\"lazy\" \t\tclass=\"so-widget-image\"\/>\n<\/a><\/div>\n\n<\/div><\/div><div id=\"panel-940-1-1-1\" class=\"so-panel widget widget_text panel-last-child\" data-index=\"4\" >\t\t\t<div class=\"textwidget\"><p>Apartmani se nalaze u centru Sokobanje, 2 minuta pe\u0161aka do \u0161etali\u0161ta. Apartmani su novi i lepo name\u0161teni. Poseduju parking, panorama lift, klima, kablovska.<\/p>\n<\/div>\n\t\t<\/div><\/div><div id=\"pgc-940-1-2\"  class=\"panel-grid-cell\" ><div id=\"panel-940-1-2-0\" class=\"so-panel widget widget_sow-image panel-first-child\" data-index=\"5\" ><div class=\"so-widget-sow-image so-widget-sow-image-default-d6014b76747a-940\">\n\t<h3 class=\"widget-title\"><span class=\"widget-title__inline\">Apartmani - spolja<\/span><\/h3>\n<div class=\"sow-image-container\">\n<a href=\"https:\/\/apartmanisoko.com\/index.php\/portfolio\/apartmani-spolja\/\" >\t<img src=\"https:\/\/apartmanisoko.com\/wp-content\/uploads\/2021\/03\/Smestaj-Sokobanja5.jpg\" width=\"1420\" height=\"680\" srcset=\"https:\/\/apartmanisoko.com\/wp-content\/uploads\/2021\/03\/Smestaj-Sokobanja5.jpg 1420w, https:\/\/apartmanisoko.com\/wp-content\/uploads\/2021\/03\/Smestaj-Sokobanja5-300x144.jpg 300w, https:\/\/apartmanisoko.com\/wp-content\/uploads\/2021\/03\/Smestaj-Sokobanja5-1024x490.jpg 1024w, https:\/\/apartmanisoko.com\/wp-content\/uploads\/2021\/03\/Smestaj-Sokobanja5-768x368.jpg 768w, https:\/\/apartmanisoko.com\/wp-content\/uploads\/2021\/03\/Smestaj-Sokobanja5-600x287.jpg 600w\" sizes=\"(max-width: 1420px) 100vw, 1420px\" title=\"Apartmani - spolja\" alt=\"Apartmani - spolja\" loading=\"lazy\" \t\tclass=\"so-widget-image\"\/>\n<\/a><\/div>\n\n<\/div><\/div><div id=\"panel-940-1-2-1\" class=\"so-panel widget widget_text panel-last-child\" data-index=\"6\" >\t\t\t<div class=\"textwidget\"><div id=\"summary\" class=\"\" data-et-mouseenter=\"customGoal:BUeeZaTaTaBEKMPXLae:1 customGoal:BUeeHNSPMWdMOdUBMHT:1 customGoal:BUeeHNSPdQEeWFWZTDWFC:1 customGoal:BUeeHNSPMWdMOdUEXXO:1 customGoal:BUeeHNSPdQEeXXaNSPRXXe:1 customGoal:BUeePHOOSINEGO:1 customGoal:BUeeHNSPVadIaCKe:1 customGoal:BUeeHNSPCaASBaRDSGEXO:1 customGoal:BUeeZdbaBMRbBYWKOBLHXT:1\" data-et-click=\"customGoal:BUeeZaTaTaBEKMPXLae:2 customGoal:BUeeHNSPMWdMOdUBMHT:2 customGoal:BUeeHNSPdQEeWFWZTDWFC:2 customGoal:BUeeHNSPMWdMOdUEXXO:2 customGoal:BUeeHNSPdQEeXXaNSPRXXe:2 customGoal:BUeePHOOSINEGO:2 customGoal:BUeeHNSPVadIaCKe:2 customGoal:BUeeHNSPCaASBaRDSGEXO:2 customGoal:BUeeZdbaBMRbBYWKOBLHXT:2\">\n<div id=\"property_description_content\">\n<p>Apartmani se nalaze u centru Sokobanje, 2 minuta pe\u0161aka do \u0161etali\u0161ta. Apartmani su novi i lepo name\u0161teni. Poseduju parking, panorama lift, klima, kablovska.<\/p>\n<\/div>\n<\/div>\n<\/div>\n\t\t<\/div><\/div><\/div><\/div><div id=\"pg-940-2\"  class=\"panel-grid panel-has-style\" ><div class=\"siteorigin-panels-stretch panel-row-style panel-row-style-for-940-2\" data-stretch-type=\"full\" ><div id=\"pgc-940-2-0\"  class=\"panel-grid-cell\" ><div id=\"panel-940-2-0-0\" class=\"so-panel widget widget_pw_call_to_action widget-call-to-action panel-first-child panel-last-child\" data-index=\"7\" >\t\t\t\t<div class=\"call-to-action\">\n\t\t\t\t\t<div class=\"call-to-action__text\">\n\t\t\t\t\t\t<h2 class=\"call-to-action__title\">\n\t\t\t\t\t\t\tApartmani <span style=\"color: #ffffff;font-weight: 300\">- Soko\t\t\t\t\t\t<\/h2>\n\t\t\t\t\t\t\t\t\t\t\t\t<p class=\"call-to-action__subtitle\">\n\t\t\t\t\t\t\tSme\u0161taj u privatnim apartmanima u Sokobanji.\t\t\t\t\t\t<\/p>\n\t\t\t\t\t\t\t\t\t\t\t<\/div>\n\t\t\t\t\t<div class=\"call-to-action__button\">\n\t\t\t\t\t\t<a class=\"btn  btn-light\" href=\"https:\/\/apartmanisoko.com\/index.php\/rezervacija\/\" target=\"_self\"> REZERVI\u0160I<\/a>  \t\t\t\t\t<\/div>\n\t\t\t\t<\/div>\n\t\t\t<\/div><\/div><\/div><\/div><div id=\"pg-940-3\"  class=\"panel-grid panel-has-style\" ><div class=\"siteorigin-panels-stretch panel-row-style panel-row-style-for-940-3\" data-stretch-type=\"full\" ><div id=\"pgc-940-3-0\"  class=\"panel-grid-cell\" ><div id=\"panel-940-3-0-0\" class=\"so-panel widget widget_pw_special_title widget-special-title panel-first-child panel-last-child\" data-index=\"8\" >\t\t\t<h2 class=\"special-title\">\n\t\t\t\tZanimljivosti\t\t\t<\/h2>\n\t\t<\/div><\/div><\/div><\/div><div id=\"pg-940-4\"  class=\"panel-grid panel-has-style\" ><div class=\"siteorigin-panels-stretch panel-row-style panel-row-style-for-940-4\" data-stretch-type=\"full\" ><div id=\"pgc-940-4-0\"  class=\"panel-grid-cell\" ><div id=\"panel-940-4-0-0\" class=\"so-panel widget widget_pw_featured_page widget-featured-page panel-first-child panel-last-child\" data-index=\"9\" >\n\t<div class=\"page-box  page-box--block\">\n\t\t\t\t\t\t<a class=\"page-box__picture\" href=\"https:\/\/apartmanisoko.com\/index.php\/reka-sokobanjska-moravica\/\">\n\t\t\t\t\t<img src=\"https:\/\/apartmanisoko.com\/wp-content\/uploads\/2021\/02\/Reka-Moravica-smestaj-sokobanja-350x175.jpg\" width=\"350\" height=\"175\" srcset=\"https:\/\/apartmanisoko.com\/wp-content\/uploads\/2021\/02\/Reka-Moravica-smestaj-sokobanja-350x175.jpg 350w, https:\/\/apartmanisoko.com\/wp-content\/uploads\/2021\/02\/Reka-Moravica-smestaj-sokobanja.jpg 860w\" sizes=\"(min-width: 1200px) 350px, (min-width: 992px) 290px, (min-width: 768px) 690px, (min-width: 576px) 510px, calc(100vw - 30px)\" class=\"wp-post-image\" alt=\"Sokobanjska Moravica\">\n\t\t\t\t\t\t\t\t\t<\/a>\n\t\t\t\t\t\t\t\t<div class=\"page-box__content\">\n\t\t\t<h2 class=\"page-box__title\"><a href=\"https:\/\/apartmanisoko.com\/index.php\/reka-sokobanjska-moravica\/\">Sokobanjska Moravica<\/a><\/h2>\n\t\t\t<p class=\"page-box__text\">Sokobanjska Moravica - je reka na istoku Srbije, desna pritoka Ju\u017ene Morave du\u017eine 60,4 km, povr\u0161ine sliva 625 km\u00b2. Izvire u selu Vrelo, &hellip;<\/p>\n\t\t\t\t\t<\/div>\n\t<\/div>\n\n<\/div><\/div><div id=\"pgc-940-4-1\"  class=\"panel-grid-cell\" ><div id=\"panel-940-4-1-0\" class=\"so-panel widget widget_pw_featured_page widget-featured-page panel-first-child panel-last-child\" data-index=\"10\" >\n\t<div class=\"page-box  page-box--block\">\n\t\t\t\t\t\t<a class=\"page-box__picture\" href=\"https:\/\/apartmanisoko.com\/index.php\/soko-grad\/\">\n\t\t\t\t\t<img src=\"https:\/\/apartmanisoko.com\/wp-content\/uploads\/2021\/03\/Soko-grad-sokobanja-smestaj-350x175.jpg\" width=\"350\" height=\"175\" srcset=\"https:\/\/apartmanisoko.com\/wp-content\/uploads\/2021\/03\/Soko-grad-sokobanja-smestaj-350x175.jpg 350w, https:\/\/apartmanisoko.com\/wp-content\/uploads\/2021\/03\/Soko-grad-sokobanja-smestaj.jpg 860w\" sizes=\"(min-width: 1200px) 350px, (min-width: 992px) 290px, (min-width: 768px) 690px, (min-width: 576px) 510px, calc(100vw - 30px)\" class=\"wp-post-image\" alt=\"Soko Grad\">\n\t\t\t\t\t\t\t\t\t<\/a>\n\t\t\t\t\t\t\t\t<div class=\"page-box__content\">\n\t\t\t<h2 class=\"page-box__title\"><a href=\"https:\/\/apartmanisoko.com\/index.php\/soko-grad\/\">Soko Grad<\/a><\/h2>\n\t\t\t<p class=\"page-box__text\">Soko Grad je srednjovekovni grad zvan jo\u0161 i Sokolac, sme\u0161ten na 2 km isto\u010dno od Sokobanje. Istra\u017eivanja su pokazala da je grad vrlo razu\u0111en &hellip;<\/p>\n\t\t\t\t\t<\/div>\n\t<\/div>\n\n<\/div><\/div><div id=\"pgc-940-4-2\"  class=\"panel-grid-cell\" ><div id=\"panel-940-4-2-0\" class=\"so-panel widget widget_pw_featured_page widget-featured-page panel-first-child panel-last-child\" data-index=\"11\" >\n\t<div class=\"page-box  page-box--block\">\n\t\t\t\t\t\t<a class=\"page-box__picture\" href=\"https:\/\/apartmanisoko.com\/index.php\/ripaljka\/\">\n\t\t\t\t\t<img src=\"https:\/\/apartmanisoko.com\/wp-content\/uploads\/2021\/03\/Ripaljka-350x175.jpg\" width=\"350\" height=\"175\" srcset=\"https:\/\/apartmanisoko.com\/wp-content\/uploads\/2021\/03\/Ripaljka-350x175.jpg 350w, https:\/\/apartmanisoko.com\/wp-content\/uploads\/2021\/03\/Ripaljka.jpg 860w\" sizes=\"(min-width: 1200px) 350px, (min-width: 992px) 290px, (min-width: 768px) 690px, (min-width: 576px) 510px, calc(100vw - 30px)\" class=\"wp-post-image\" alt=\"Ripaljka\">\n\t\t\t\t\t\t\t\t\t<\/a>\n\t\t\t\t\t\t\t\t<div class=\"page-box__content\">\n\t\t\t<h2 class=\"page-box__title\"><a href=\"https:\/\/apartmanisoko.com\/index.php\/ripaljka\/\">Ripaljka<\/a><\/h2>\n\t\t\t<p class=\"page-box__text\">Ripaljka je vodopad na reci Grada\u0161nici. Nalazi se na planini Ozren, 5 km od Sokobanje. Prvi je spomenik prirode u Jugoslaviji za\u0161ti\u0107en zakonom &hellip;<\/p>\n\t\t\t\t\t<\/div>\n\t<\/div>\n\n<\/div><\/div><\/div><\/div><div id=\"pg-940-5\"  class=\"panel-grid panel-has-style\" ><div class=\"panel-row-style panel-row-style-for-940-5\" ><div id=\"pgc-940-5-0\"  class=\"panel-grid-cell\" ><div id=\"panel-940-5-0-0\" class=\"so-panel widget widget_sow-editor panel-first-child panel-last-child\" data-index=\"12\" ><div class=\"featured-widget panel-widget-style panel-widget-style-for-940-5-0-0\" ><div class=\"so-widget-sow-editor so-widget-sow-editor-base\">\n<div class=\"siteorigin-widget-tinymce textwidget\">\n\t<h2>Vau\u010deri Sokobanja<\/h2>\n<p>Uz vau\u010der dodatni popust ili poklon vau\u010der<\/p>\n<a class=\"btn  btn-primary\" href=\"mailto:nenad5587@gmail.com\" target=\"_self\"> Upit za vau\u010der<\/a>\n<\/div>\n<\/div><\/div><\/div><\/div><div id=\"pgc-940-5-1\"  class=\"panel-grid-cell\" ><div id=\"panel-940-5-1-0\" class=\"so-panel widget widget_sow-editor panel-first-child panel-last-child\" data-index=\"13\" ><div class=\"so-widget-sow-editor so-widget-sow-editor-base\">\n<div class=\"siteorigin-widget-tinymce textwidget\">\n\t<h3>Geografske odlike Sokobanje<\/h3>\n<p style=\"font-size: 15px;\">\u00a0Poznata je turisti\u010dka odrednica za rekreativni, a posebno banjski turizam.<\/p>\n<hr class=\"hr--dashed\" \/>\n<p style=\"font-size: 15px;\">Nalazi se izme\u0111u karpatskih i balkanskih planina,\u00a0Rtnja\u00a0i\u00a0Ozrena.<\/p>\n<hr class=\"hr--dashed\" \/>\n<p style=\"font-size: 15px;\">\u00a0Za Sokobanju su vezani i\u00a0Lepterija, izleti\u0161te koje se nalazi uz Sokobanjsku Moravicu, i poznati srednjovekovni grad\u00a0\u2014\u00a0Soko Grad (banjski).<\/p>\n<hr class=\"hr--dashed\" \/>\n<p style=\"font-size: 15px;\">U blizini banje nalazi se vodopad\u00a0Ripaljka, koji je periodi\u010dan i visok je dvadesetak metara. Sokobanja je poznata po manifestaciji \u201ePrva harmonika\u201d, tradicionalnom takmi\u010denju harmonika\u0161a koje se odr\u017eava svake godine krajem\u00a0avgusta.<\/p>\n<hr class=\"hr--dashed\" \/>\n<a class=\"btn  btn-outline-primary\" href=\"https:\/\/apartmanisoko.com\/index.php\/sokobanja\/\" target=\"_blank\"> Vi\u0161e o Sokobanji<\/a>\n<\/div>\n<\/div><\/div><\/div><\/div><\/div><div id=\"pg-940-6\"  class=\"panel-grid panel-has-style\" ><div class=\"siteorigin-panels-stretch panel-row-style panel-row-style-for-940-6\" data-stretch-type=\"full-stretched\" ><div id=\"pgc-940-6-0\"  class=\"panel-grid-cell\" ><div id=\"panel-940-6-0-0\" class=\"widget_text so-panel widget widget_custom_html panel-first-child panel-last-child\" data-index=\"14\" ><div class=\"textwidget custom-html-widget\"><iframe src=\"https:\/\/www.google.com\/maps\/embed?pb=!1m18!1m12!1m3!1d2887.146672979178!2d21.865955615777143!3d43.64511666097095!2m3!1f0!2f0!3f0!3m2!1i1024!2i768!4f13.1!3m3!1m2!1s0x47543af899eda28b%3A0xf6b50cdc9a7ba1ed!2z0JDQu9C10LrRgdC1INCc0LDRgNC60LjRiNC40ZvQsCAyNywg0KHQvtC60L7QsdCw0ZrQsA!5e0!3m2!1ssr!2srs!4v1613560647535!5m2!1ssr!2srs\" width=\"100%\" height=\"450\" frameborder=\"0\" style=\"border:0;\" allowfullscreen=\"\" aria-hidden=\"false\" tabindex=\"0\"><\/iframe><\/div><\/div><\/div><\/div><\/div><\/div>","protected":false},"excerpt":{"rendered":"<p>Sokobanja Poznata turisti\u010dka odrednica za rekreativni, a posebno banjski turizam Apartmani se nalaze u centru Sokobanje, 2 minuta pe\u0161aka do \u0161etali\u0161ta. Apartmani su novi i lepo name\u0161teni. Poseduju parking, panorama lift, klima, kablovska. Apartmani se nalaze u centru Sokobanje, 2 minuta pe\u0161aka do \u0161etali\u0161ta. Apartmani su novi i lepo name\u0161teni. Poseduju parking, panorama lift, klima, &hellip;<\/p>\n","protected":false},"author":1,"featured_media":0,"parent":0,"menu_order":0,"comment_status":"closed","ping_status":"closed","template":"template-front-page-slider.php","meta":[],"_links":{"self":[{"href":"https:\/\/apartmanisoko.com\/index.php\/wp-json\/wp\/v2\/pages\/940"}],"collection":[{"href":"https:\/\/apartmanisoko.com\/index.php\/wp-json\/wp\/v2\/pages"}],"about":[{"href":"https:\/\/apartmanisoko.com\/index.php\/wp-json\/wp\/v2\/types\/page"}],"author":[{"embeddable":true,"href":"https:\/\/apartmanisoko.com\/index.php\/wp-json\/wp\/v2\/users\/1"}],"replies":[{"embeddable":true,"href":"https:\/\/apartmanisoko.com\/index.php\/wp-json\/wp\/v2\/comments?post=940"}],"version-history":[{"count":150,"href":"https:\/\/apartmanisoko.com\/index.php\/wp-json\/wp\/v2\/pages\/940\/revisions"}],"predecessor-version":[{"id":3180,"href":"https:\/\/apartmanisoko.com\/index.php\/wp-json\/wp\/v2\/pages\/940\/revisions\/3180"}],"wp:attachment":[{"href":"https:\/\/apartmanisoko.com\/index.php\/wp-json\/wp\/v2\/media?parent=940"}],"curies":[{"name":"wp","href":"https:\/\/api.w.org\/{rel}","templated":true}]}}